{"id":3,"date":"2024-10-02T12:56:09","date_gmt":"2024-10-02T12:56:09","guid":{"rendered":"https:\/\/breath.sharobella.at\/?page_id=3"},"modified":"2024-10-18T08:14:18","modified_gmt":"2024-10-18T08:14:18","slug":"privacy-policy","status":"publish","type":"page","link":"https:\/\/breath.sharobella.at\/de\/privacy-policy\/","title":{"rendered":"Datenschutzerkl\u00e4rung"},"content":{"rendered":"<div data-elementor-type=\"wp-page\" data-elementor-id=\"3\" class=\"elementor elementor-3\" data-elementor-post-type=\"page\">\n\t\t\t\t<div class=\"elementor-element elementor-element-2201419a e-flex e-con-boxed e-con e-parent\" data-id=\"2201419a\" data-element_type=\"container\">\n\t\t\t\t\t<div class=\"e-con-inner\">\n\t\t\t\t<div class=\"elementor-element elementor-element-d93f867 elementor-widget elementor-widget-heading\" data-id=\"d93f867\" data-element_type=\"widget\" data-widget_type=\"heading.default\">\n\t\t\t\t<div class=\"elementor-widget-container\">\n\t\t\t<h2 class=\"elementor-heading-title elementor-size-default\">Datenschutzerkl\u00e4rung<\/h2>\t\t<\/div>\n\t\t\t\t<\/div>\n\t\t\t\t<div class=\"elementor-element elementor-element-2f0c495 elementor-widget elementor-widget-text-editor\" data-id=\"2f0c495\" data-element_type=\"widget\" data-widget_type=\"text-editor.default\">\n\t\t\t\t<div class=\"elementor-widget-container\">\n\t\t\t\t\t\t\t<p>Diese Allgemeinen Gesch\u00e4ftsbedingungen (nachfolgend \u201eAGB\u201c genannt) gelten f\u00fcr alle Vertr\u00e4ge, die \u00fcber den Online-Shop www.breatheilo.com zwischen der Carbomed Medical Solutions GmbH und Kunden abgeschlossen werden, die Verbraucher sind.<\/p><p>Verbraucher ist jede nat\u00fcrliche Person, die ein Rechtsgesch\u00e4ft zu einem Zwecke abschlie\u1e9et, der weder ihrer gewerblichen noch ihrer selbstst\u00e4ndigen beruflichen T\u00e4tigkeit zugerechnet werden kann.<\/p><p>Verbrauchergesch\u00e4fte im Sinne dieser Allgemeinen Gesch\u00e4ftsbedingungen sind ein Rechtsgesch\u00e4ft mit einem Kunden, der im Sinne des \u00a7 1 KSchG als Konsument anzusehen ist. Das sind jene Personen, f\u00fcr die das Gesch\u00e4ft nicht zum Betrieb Ihres Unternehmens geh\u00f6rt. Die Bestellung des Kunden stellt ein Angebot an unser Unternehmen zum Abschluss eines Kaufvertrages dar.<\/p><p>Diese Allgemeinen Gesch\u00e4ftsbedingungen gelten auch f\u00fcr alle k\u00fcnftigen Vertragsbeziehungen, somit auch dann, wenn bei Zusatzvertr\u00e4gen darauf nicht ausdr\u00fccklich hingewiesen wird.<\/p><p>Es gilt jeweils die bei Vertragsabschluss aktuelle Fassung unserer AGB, abrufbar auf unserer Homepage www.breatheilo.com<\/p><p>Wir kontrahieren ausschlie\u1e9elich unter Zugrundelegung unserer AGB<\/p><p>Diese Allgemeinen Gesch\u00e4ftsbedingungen (nachfolgend \u201eAGB\u201c genannt) gelten f\u00fcr alle Vertr\u00e4ge, die \u00fcber den Online-Shop www.breatheilo.com zwischen der Carbomed Medical Solutions GmbH und Kunden abgeschlossen werden, die Verbraucher sind.<\/p><p>Verbraucher ist jede nat\u00fcrliche Person, die ein Rechtsgesch\u00e4ft zu einem Zwecke abschlie\u1e9et, der weder ihrer gewerblichen noch ihrer selbstst\u00e4ndigen beruflichen T\u00e4tigkeit zugerechnet werden kann.<\/p><p>Verbrauchergesch\u00e4fte im Sinne dieser Allgemeinen Gesch\u00e4ftsbedingungen sind ein Rechtsgesch\u00e4ft mit einem Kunden, der im Sinne des \u00a7 1 KSchG als Konsument anzusehen ist. Das sind jene Personen, f\u00fcr die das Gesch\u00e4ft nicht zum Betrieb Ihres Unternehmens geh\u00f6rt. Die Bestellung des Kunden stellt ein Angebot an unser Unternehmen zum Abschluss eines Kaufvertrages dar.<\/p><p>Diese Allgemeinen Gesch\u00e4ftsbedingungen gelten auch f\u00fcr alle k\u00fcnftigen Vertragsbeziehungen, somit auch dann, wenn bei Zusatzvertr\u00e4gen darauf nicht ausdr\u00fccklich hingewiesen wird.<br \/>Es gilt jeweils die bei Vertragsabschluss aktuelle Fassung unserer AGB, abrufbar auf unserer Homepage www.breatheilo.com<br \/>Wir kontrahieren ausschlie\u1e9elich unter Zugrundelegung unserer AGB<\/p>\t\t\t\t\t\t<\/div>\n\t\t\t\t<\/div>\n\t\t\t\t\t<\/div>\n\t\t\t\t<\/div>\n\t\t\t\t<\/div>","protected":false},"excerpt":{"rendered":"<p>Privacy Policy Diese Allgemeinen Gesch\u00e4ftsbedingungen (nachfolgend \u201eAGB\u201c genannt) gelten f\u00fcr alle Vertr\u00e4ge, die \u00fcber den Online-Shop www.breatheilo.com zwischen der Carbomed Medical Solutions GmbH und Kunden abgeschlossen werden, die Verbraucher sind. Verbraucher ist jede nat\u00fcrliche Person, die ein Rechtsgesch\u00e4ft zu einem Zwecke abschlie\u1e9et, der weder ihrer gewerblichen noch ihrer selbstst\u00e4ndigen beruflichen T\u00e4tigkeit zugerechnet werden kann. Verbrauchergesch\u00e4fte [&hellip;]<\/p>","protected":false},"author":1,"featured_media":0,"parent":0,"menu_order":0,"comment_status":"closed","ping_status":"open","template":"","meta":{"footnotes":""},"class_list":["post-3","page","type-page","status-publish","hentry"],"yoast_head":"<!-- This site is optimized with the Yoast SEO plugin v23.6 - https:\/\/yoast.com\/wordpress\/plugins\/seo\/ -->\n<title>Breathe ilo - Privacy Policy<\/title>\n<meta name=\"robots\" content=\"index, follow, max-snippet:-1, max-image-preview:large, max-video-preview:-1\" \/>\n<link rel=\"canonical\" href=\"https:\/\/breath.sharobella.at\/de\/privacy-policy\/\" \/>\n<meta property=\"og:locale\" content=\"de_DE\" \/>\n<meta property=\"og:type\" content=\"article\" \/>\n<meta property=\"og:title\" content=\"Breathe ilo - Privacy Policy\" \/>\n<meta property=\"og:description\" content=\"Privacy Policy Diese Allgemeinen Gesch\u00e4ftsbedingungen (nachfolgend \u201eAGB\u201c genannt) gelten f\u00fcr alle Vertr\u00e4ge, die \u00fcber den Online-Shop www.breatheilo.com zwischen der Carbomed Medical Solutions GmbH und Kunden abgeschlossen werden, die Verbraucher sind. Verbraucher ist jede nat\u00fcrliche Person, die ein Rechtsgesch\u00e4ft zu einem Zwecke abschlie\u1e9et, der weder ihrer gewerblichen noch ihrer selbstst\u00e4ndigen beruflichen T\u00e4tigkeit zugerechnet werden kann. Verbrauchergesch\u00e4fte [&hellip;]\" \/>\n<meta property=\"og:url\" content=\"https:\/\/breath.sharobella.at\/de\/privacy-policy\/\" \/>\n<meta property=\"og:site_name\" content=\"WordPress - Content Management\" \/>\n<meta property=\"article:modified_time\" content=\"2024-10-18T08:14:18+00:00\" \/>\n<meta name=\"twitter:card\" content=\"summary_large_image\" \/>\n<meta name=\"twitter:label1\" content=\"Gesch\u00e4tzte Lesezeit\" \/>\n\t<meta name=\"twitter:data1\" content=\"2 Minuten\" \/>\n<script type=\"application\/ld+json\" class=\"yoast-schema-graph\">{\"@context\":\"https:\/\/schema.org\",\"@graph\":[{\"@type\":\"WebPage\",\"@id\":\"https:\/\/breath.sharobella.at\/privacy-policy\/\",\"url\":\"https:\/\/breath.sharobella.at\/privacy-policy\/\",\"name\":\"Breathe ilo - Privacy Policy\",\"isPartOf\":{\"@id\":\"https:\/\/breath.sharobella.at\/#website\"},\"datePublished\":\"2024-10-02T12:56:09+00:00\",\"dateModified\":\"2024-10-18T08:14:18+00:00\",\"breadcrumb\":{\"@id\":\"https:\/\/breath.sharobella.at\/privacy-policy\/#breadcrumb\"},\"inLanguage\":\"de-AT\",\"potentialAction\":[{\"@type\":\"ReadAction\",\"target\":[\"https:\/\/breath.sharobella.at\/privacy-policy\/\"]}]},{\"@type\":\"BreadcrumbList\",\"@id\":\"https:\/\/breath.sharobella.at\/privacy-policy\/#breadcrumb\",\"itemListElement\":[{\"@type\":\"ListItem\",\"position\":1,\"name\":\"Home\",\"item\":\"https:\/\/breath.sharobella.at\/\"},{\"@type\":\"ListItem\",\"position\":2,\"name\":\"Privacy Policy\"}]},{\"@type\":\"WebSite\",\"@id\":\"https:\/\/breath.sharobella.at\/#website\",\"url\":\"https:\/\/breath.sharobella.at\/\",\"name\":\"WordPress - Content Management\",\"description\":\"powered by easyname\",\"publisher\":{\"@id\":\"https:\/\/breath.sharobella.at\/#organization\"},\"potentialAction\":[{\"@type\":\"SearchAction\",\"target\":{\"@type\":\"EntryPoint\",\"urlTemplate\":\"https:\/\/breath.sharobella.at\/?s={search_term_string}\"},\"query-input\":{\"@type\":\"PropertyValueSpecification\",\"valueRequired\":true,\"valueName\":\"search_term_string\"}}],\"inLanguage\":\"de-AT\"},{\"@type\":\"Organization\",\"@id\":\"https:\/\/breath.sharobella.at\/#organization\",\"name\":\"WordPress - Content Management\",\"url\":\"https:\/\/breath.sharobella.at\/\",\"logo\":{\"@type\":\"ImageObject\",\"inLanguage\":\"de-AT\",\"@id\":\"https:\/\/breath.sharobella.at\/#\/schema\/logo\/image\/\",\"url\":\"https:\/\/breath.sharobella.at\/wp-content\/uploads\/2024\/10\/ilo_logo.svg\",\"contentUrl\":\"https:\/\/breath.sharobella.at\/wp-content\/uploads\/2024\/10\/ilo_logo.svg\",\"width\":10890,\"height\":1800,\"caption\":\"WordPress - Content Management\"},\"image\":{\"@id\":\"https:\/\/breath.sharobella.at\/#\/schema\/logo\/image\/\"}}]}<\/script>\n<!-- \/ Yoast SEO plugin. -->","yoast_head_json":{"title":"Breathe ilo - Privacy Policy","robots":{"index":"index","follow":"follow","max-snippet":"max-snippet:-1","max-image-preview":"max-image-preview:large","max-video-preview":"max-video-preview:-1"},"canonical":"https:\/\/breath.sharobella.at\/de\/privacy-policy\/","og_locale":"de_DE","og_type":"article","og_title":"Breathe ilo - Privacy Policy","og_description":"Privacy Policy Diese Allgemeinen Gesch\u00e4ftsbedingungen (nachfolgend \u201eAGB\u201c genannt) gelten f\u00fcr alle Vertr\u00e4ge, die \u00fcber den Online-Shop www.breatheilo.com zwischen der Carbomed Medical Solutions GmbH und Kunden abgeschlossen werden, die Verbraucher sind. Verbraucher ist jede nat\u00fcrliche Person, die ein Rechtsgesch\u00e4ft zu einem Zwecke abschlie\u1e9et, der weder ihrer gewerblichen noch ihrer selbstst\u00e4ndigen beruflichen T\u00e4tigkeit zugerechnet werden kann. Verbrauchergesch\u00e4fte [&hellip;]","og_url":"https:\/\/breath.sharobella.at\/de\/privacy-policy\/","og_site_name":"WordPress - Content Management","article_modified_time":"2024-10-18T08:14:18+00:00","twitter_card":"summary_large_image","twitter_misc":{"Gesch\u00e4tzte Lesezeit":"2 Minuten"},"schema":{"@context":"https:\/\/schema.org","@graph":[{"@type":"WebPage","@id":"https:\/\/breath.sharobella.at\/privacy-policy\/","url":"https:\/\/breath.sharobella.at\/privacy-policy\/","name":"Breathe ilo - Privacy Policy","isPartOf":{"@id":"https:\/\/breath.sharobella.at\/#website"},"datePublished":"2024-10-02T12:56:09+00:00","dateModified":"2024-10-18T08:14:18+00:00","breadcrumb":{"@id":"https:\/\/breath.sharobella.at\/privacy-policy\/#breadcrumb"},"inLanguage":"de-AT","potentialAction":[{"@type":"ReadAction","target":["https:\/\/breath.sharobella.at\/privacy-policy\/"]}]},{"@type":"BreadcrumbList","@id":"https:\/\/breath.sharobella.at\/privacy-policy\/#breadcrumb","itemListElement":[{"@type":"ListItem","position":1,"name":"Home","item":"https:\/\/breath.sharobella.at\/"},{"@type":"ListItem","position":2,"name":"Privacy Policy"}]},{"@type":"WebSite","@id":"https:\/\/breath.sharobella.at\/#website","url":"https:\/\/breath.sharobella.at\/","name":"WordPress - Content Management","description":"powered by easyname","publisher":{"@id":"https:\/\/breath.sharobella.at\/#organization"},"potentialAction":[{"@type":"SearchAction","target":{"@type":"EntryPoint","urlTemplate":"https:\/\/breath.sharobella.at\/?s={search_term_string}"},"query-input":{"@type":"PropertyValueSpecification","valueRequired":true,"valueName":"search_term_string"}}],"inLanguage":"de-AT"},{"@type":"Organization","@id":"https:\/\/breath.sharobella.at\/#organization","name":"WordPress - Content Management","url":"https:\/\/breath.sharobella.at\/","logo":{"@type":"ImageObject","inLanguage":"de-AT","@id":"https:\/\/breath.sharobella.at\/#\/schema\/logo\/image\/","url":"https:\/\/breath.sharobella.at\/wp-content\/uploads\/2024\/10\/ilo_logo.svg","contentUrl":"https:\/\/breath.sharobella.at\/wp-content\/uploads\/2024\/10\/ilo_logo.svg","width":10890,"height":1800,"caption":"WordPress - Content Management"},"image":{"@id":"https:\/\/breath.sharobella.at\/#\/schema\/logo\/image\/"}}]}},"_links":{"self":[{"href":"https:\/\/breath.sharobella.at\/de\/wp-json\/wp\/v2\/pages\/3","targetHints":{"allow":["GET"]}}],"collection":[{"href":"https:\/\/breath.sharobella.at\/de\/wp-json\/wp\/v2\/pages"}],"about":[{"href":"https:\/\/breath.sharobella.at\/de\/wp-json\/wp\/v2\/types\/page"}],"author":[{"embeddable":true,"href":"https:\/\/breath.sharobella.at\/de\/wp-json\/wp\/v2\/users\/1"}],"replies":[{"embeddable":true,"href":"https:\/\/breath.sharobella.at\/de\/wp-json\/wp\/v2\/comments?post=3"}],"version-history":[{"count":48,"href":"https:\/\/breath.sharobella.at\/de\/wp-json\/wp\/v2\/pages\/3\/revisions"}],"predecessor-version":[{"id":927,"href":"https:\/\/breath.sharobella.at\/de\/wp-json\/wp\/v2\/pages\/3\/revisions\/927"}],"wp:attachment":[{"href":"https:\/\/breath.sharobella.at\/de\/wp-json\/wp\/v2\/media?parent=3"}],"curies":[{"name":"wp","href":"https:\/\/api.w.org\/{rel}","templated":true}]}}