{"id":40,"date":"2024-10-05T07:17:19","date_gmt":"2024-10-05T07:17:19","guid":{"rendered":"https:\/\/breath.sharobella.at\/?page_id=40"},"modified":"2024-10-30T13:26:27","modified_gmt":"2024-10-30T13:26:27","slug":"get-support","status":"publish","type":"page","link":"https:\/\/breath.sharobella.at\/de\/get-support\/","title":{"rendered":"Kontakt aufnehmen"},"content":{"rendered":"<div data-elementor-type=\"wp-page\" data-elementor-id=\"40\" class=\"elementor elementor-40\" data-elementor-post-type=\"page\">\n\t\t\t\t<div class=\"elementor-element elementor-element-def7be1 e-flex e-con-boxed e-con e-parent\" data-id=\"def7be1\" data-element_type=\"container\">\n\t\t\t\t\t<div class=\"e-con-inner\">\n\t\t\t\t<div class=\"elementor-element elementor-element-d2e5d06 elementor-widget elementor-widget-heading\" data-id=\"d2e5d06\" data-element_type=\"widget\" data-widget_type=\"heading.default\">\n\t\t\t\t<div class=\"elementor-widget-container\">\n\t\t\t<h2 class=\"elementor-heading-title elementor-size-default\">Kontakt aufnehmen<\/h2>\t\t<\/div>\n\t\t\t\t<\/div>\n\t\t\t\t<div class=\"elementor-element elementor-element-b03b429 elementor-widget elementor-widget-text-editor\" data-id=\"b03b429\" data-element_type=\"widget\" data-widget_type=\"text-editor.default\">\n\t\t\t\t<div class=\"elementor-widget-container\">\n\t\t\t\t\t\t\t<p>Lass uns bitte wissen, wobei wir dir helfen k\u00f6nnen und wir sind so schnell wie m\u00f6glich f\u00fcr dich da.<\/p>\t\t\t\t\t\t<\/div>\n\t\t\t\t<\/div>\n\t\t\t\t<div class=\"elementor-element elementor-element-4ba0536 elementor-widget elementor-widget-html\" data-id=\"4ba0536\" data-element_type=\"widget\" data-widget_type=\"html.default\">\n\t\t\t\t<div class=\"elementor-widget-container\">\n\t\t\t<script>\n    document.addEventListener('DOMContentLoaded', function() {\n   document.querySelector('input[name=\"form_fields[first_name]\"]').setAttribute('autocomplete', 'given-name');\ndocument.querySelector('input[name=\"form_fields[last_name]\"]').setAttribute('autocomplete', 'family-name');\n\n\nfunction observeMessageAppearance() {\n  document.querySelectorAll('.elementor-field-type-acceptance .elementor-field-option').forEach((option) => {\n    const observer = new MutationObserver((mutations) => {\n      mutations.forEach((mutation) => {\n        mutation.addedNodes.forEach((node) => {\n          if (node.classList && node.classList.contains('elementor-message')) {\n           \n            const text = window.location.href.includes('\/de\/')\n              ? 'Aktivieren Sie dieses Checkbox' \n              : 'Select this checkbox';         \n            \n            \n            node.textContent = text;\n            observer.disconnect(); \n          }\n        });\n      });\n    });\n\n  \n    observer.observe(option, { childList: true, subtree: true });\n  });\n}\n\n\nobserveMessageAppearance();\n\n});\n\n\n\n\n<\/script>\t\t<\/div>\n\t\t\t\t<\/div>\n\t\t\t\t<div class=\"elementor-element elementor-element-49c367e elementor-button-align-center elementor-widget__width-initial f_c f_en elementor-widget elementor-widget-form\" data-id=\"49c367e\" data-element_type=\"widget\" data-settings=\"{&quot;step_next_label&quot;:&quot;Next&quot;,&quot;step_previous_label&quot;:&quot;Previous&quot;,&quot;button_width&quot;:&quot;100&quot;,&quot;step_type&quot;:&quot;number_text&quot;,&quot;step_icon_shape&quot;:&quot;circle&quot;}\" data-widget_type=\"form.default\">\n\t\t\t\t<div class=\"elementor-widget-container\">\n\t\t\t\t\t<form class=\"elementor-form\" method=\"post\" name=\"Support Form\" novalidate=\"\">\n\t\t\t<input type=\"hidden\" name=\"post_id\" value=\"40\"\/>\n\t\t\t<input type=\"hidden\" name=\"form_id\" value=\"49c367e\"\/>\n\t\t\t<input type=\"hidden\" name=\"referer_title\" value=\"Breathe ilo - Support\" \/>\n\n\t\t\t\t\t\t\t<input type=\"hidden\" name=\"queried_id\" value=\"40\"\/>\n\t\t\t\n\t\t\t<div class=\"elementor-form-fields-wrapper elementor-labels-above\">\n\t\t\t\t\t\t\t\t<div class=\"elementor-field-type-text elementor-field-group elementor-column elementor-field-group-name elementor-col-50 elementor-field-required\">\n\t\t\t\t\t\t\t\t\t\t\t\t<label for=\"form-field-name\" class=\"elementor-field-label\">\n\t\t\t\t\t\t\t\tVorname\t\t\t\t\t\t\t<\/label>\n\t\t\t\t\t\t\t\t\t\t\t\t\t\t<input size=\"1\" type=\"text\" name=\"form_fields[name]\" id=\"form-field-name\" class=\"elementor-field elementor-size-sm  elementor-field-textual\" required=\"required\" aria-required=\"true\">\n\t\t\t\t\t\t\t\t\t\t\t<\/div>\n\t\t\t\t\t\t\t\t<div class=\"elementor-field-type-text elementor-field-group elementor-column elementor-field-group-field_ba76ad7 elementor-col-50 elementor-field-required\">\n\t\t\t\t\t\t\t\t\t\t\t\t<label for=\"form-field-field_ba76ad7\" class=\"elementor-field-label\">\n\t\t\t\t\t\t\t\tNachname\t\t\t\t\t\t\t<\/label>\n\t\t\t\t\t\t\t\t\t\t\t\t\t\t<input size=\"1\" type=\"text\" name=\"form_fields[field_ba76ad7]\" id=\"form-field-field_ba76ad7\" class=\"elementor-field elementor-size-sm  elementor-field-textual\" required=\"required\" aria-required=\"true\">\n\t\t\t\t\t\t\t\t\t\t\t<\/div>\n\t\t\t\t\t\t\t\t<div class=\"elementor-field-type-email elementor-field-group elementor-column elementor-field-group-email elementor-col-100 elementor-field-required\">\n\t\t\t\t\t\t\t\t\t\t\t\t<label for=\"form-field-email\" class=\"elementor-field-label\">\n\t\t\t\t\t\t\t\tIhre E-Mail-Adresse\t\t\t\t\t\t\t<\/label>\n\t\t\t\t\t\t\t\t\t\t\t\t\t\t<input size=\"1\" type=\"email\" name=\"form_fields[email]\" id=\"form-field-email\" class=\"elementor-field elementor-size-sm  elementor-field-textual\" required=\"required\" aria-required=\"true\">\n\t\t\t\t\t\t\t\t\t\t\t<\/div>\n\t\t\t\t\t\t\t\t<div class=\"elementor-field-type-textarea elementor-field-group elementor-column elementor-field-group-message elementor-col-100 elementor-field-required\">\n\t\t\t\t\t\t\t\t\t\t\t\t<label for=\"form-field-message\" class=\"elementor-field-label\">\n\t\t\t\t\t\t\t\tWie k\u00f6nnen wir dich unterst\u00fctzen?\t\t\t\t\t\t\t<\/label>\n\t\t\t\t\t\t<textarea class=\"elementor-field-textual elementor-field  elementor-size-sm\" name=\"form_fields[message]\" id=\"form-field-message\" rows=\"4\" required=\"required\" aria-required=\"true\"><\/textarea>\t\t\t\t<\/div>\n\t\t\t\t\t\t\t\t<div class=\"elementor-field-type-acceptance elementor-field-group elementor-column elementor-field-group-field_ec44b57 elementor-col-100 elementor-field-required\">\n\t\t\t\t\t\t\t<div class=\"elementor-field-subgroup\">\n\t\t\t<span class=\"elementor-field-option\">\n\t\t\t\t<input type=\"checkbox\" name=\"form_fields[field_ec44b57]\" id=\"form-field-field_ec44b57\" class=\"elementor-field elementor-size-sm  elementor-acceptance-field\" required=\"required\" aria-required=\"true\">\n\t\t\t\t<label for=\"form-field-field_ec44b57\" class=\" translation-block\">Ich habe\u00a0<a href=\"\/de\/privacy-policy\/\" target=\"_blank\"><u>die Datenschutzerkl\u00e4rung<\/u><\/a>\u00a0gelesen und ich stimme\u00a0<a href=\"\/de\/terms-conditions\/\" target=\"_blank\"><u>den AGB<\/u><\/a>\u00a0zu<\/label>\t\t\t<\/span>\n\t\t<\/div>\n\t\t\t\t\t\t<\/div>\n\t\t\t\t\t\t\t\t<div class=\"elementor-field-group elementor-column elementor-field-type-submit elementor-col-100 e-form__buttons\">\n\t\t\t\t\t<button class=\"elementor-button elementor-size-sm\" type=\"submit\">\n\t\t\t\t\t\t<span class=\"elementor-button-content-wrapper\">\n\t\t\t\t\t\t\t\t\t\t\t\t\t\t\t\t\t\t\t\t\t\t<span class=\"elementor-button-text\">Senden<\/span>\n\t\t\t\t\t\t\t\t\t\t\t\t\t<\/span>\n\t\t\t\t\t<\/button>\n\t\t\t\t<\/div>\n\t\t\t<\/div>\n\t\t<input type=\"hidden\" name=\"trp-form-language\" value=\"de\"\/><\/form>\n\t\t\t\t<\/div>\n\t\t\t\t<\/div>\n\t\t\t\t<div class=\"elementor-element elementor-element-a7dc5a3 elementor-button-align-center elementor-widget__width-initial f_c f_de elementor-widget elementor-widget-form\" data-id=\"a7dc5a3\" data-element_type=\"widget\" data-settings=\"{&quot;step_next_label&quot;:&quot;Next&quot;,&quot;step_previous_label&quot;:&quot;Previous&quot;,&quot;button_width&quot;:&quot;100&quot;,&quot;step_type&quot;:&quot;number_text&quot;,&quot;step_icon_shape&quot;:&quot;circle&quot;}\" data-widget_type=\"form.default\">\n\t\t\t\t<div class=\"elementor-widget-container\">\n\t\t\t\t\t<form class=\"elementor-form\" method=\"post\" name=\"Form de\" novalidate=\"\">\n\t\t\t<input type=\"hidden\" name=\"post_id\" value=\"40\"\/>\n\t\t\t<input type=\"hidden\" name=\"form_id\" value=\"a7dc5a3\"\/>\n\t\t\t<input type=\"hidden\" name=\"referer_title\" value=\"Breathe ilo - Support\" \/>\n\n\t\t\t\t\t\t\t<input type=\"hidden\" name=\"queried_id\" value=\"40\"\/>\n\t\t\t\n\t\t\t<div class=\"elementor-form-fields-wrapper elementor-labels-above\">\n\t\t\t\t\t\t\t\t<div class=\"elementor-field-type-text elementor-field-group elementor-column elementor-field-group-first_name elementor-col-50 elementor-field-required\">\n\t\t\t\t\t\t\t\t\t\t\t\t<label for=\"form-field-first_name\" class=\"elementor-field-label\">\n\t\t\t\t\t\t\t\tVorname\t\t\t\t\t\t\t<\/label>\n\t\t\t\t\t\t\t\t\t\t\t\t\t\t<input size=\"1\" type=\"text\" name=\"form_fields[first_name]\" id=\"form-field-first_name\" class=\"elementor-field elementor-size-sm  elementor-field-textual\" required=\"required\" aria-required=\"true\">\n\t\t\t\t\t\t\t\t\t\t\t<\/div>\n\t\t\t\t\t\t\t\t<div class=\"elementor-field-type-text elementor-field-group elementor-column elementor-field-group-last_name elementor-col-50 elementor-field-required\">\n\t\t\t\t\t\t\t\t\t\t\t\t<label for=\"form-field-last_name\" class=\"elementor-field-label\">\n\t\t\t\t\t\t\t\tNachname\t\t\t\t\t\t\t<\/label>\n\t\t\t\t\t\t\t\t\t\t\t\t\t\t<input size=\"1\" type=\"text\" name=\"form_fields[last_name]\" id=\"form-field-last_name\" class=\"elementor-field elementor-size-sm  elementor-field-textual\" required=\"required\" aria-required=\"true\">\n\t\t\t\t\t\t\t\t\t\t\t<\/div>\n\t\t\t\t\t\t\t\t<div class=\"elementor-field-type-email elementor-field-group elementor-column elementor-field-group-email elementor-col-100 elementor-field-required\">\n\t\t\t\t\t\t\t\t\t\t\t\t<label for=\"form-field-email\" class=\"elementor-field-label\">\n\t\t\t\t\t\t\t\tIhre E-Mail-Adresse\t\t\t\t\t\t\t<\/label>\n\t\t\t\t\t\t\t\t\t\t\t\t\t\t<input size=\"1\" type=\"email\" name=\"form_fields[email]\" id=\"form-field-email\" class=\"elementor-field elementor-size-sm  elementor-field-textual\" required=\"required\" aria-required=\"true\">\n\t\t\t\t\t\t\t\t\t\t\t<\/div>\n\t\t\t\t\t\t\t\t<div class=\"elementor-field-type-textarea elementor-field-group elementor-column elementor-field-group-message elementor-col-100 elementor-field-required\">\n\t\t\t\t\t\t\t\t\t\t\t\t<label for=\"form-field-message\" class=\"elementor-field-label\">\n\t\t\t\t\t\t\t\tWie k\u00f6nnen wir dich unterst\u00fctzen?\t\t\t\t\t\t\t<\/label>\n\t\t\t\t\t\t<textarea class=\"elementor-field-textual elementor-field  elementor-size-sm\" name=\"form_fields[message]\" id=\"form-field-message\" rows=\"4\" required=\"required\" aria-required=\"true\"><\/textarea>\t\t\t\t<\/div>\n\t\t\t\t\t\t\t\t<div class=\"elementor-field-type-acceptance elementor-field-group elementor-column elementor-field-group-field_ec44b57 elementor-col-100 elementor-field-required\">\n\t\t\t\t\t\t\t<div class=\"elementor-field-subgroup\">\n\t\t\t<span class=\"elementor-field-option\">\n\t\t\t\t<input type=\"checkbox\" name=\"form_fields[field_ec44b57]\" id=\"form-field-field_ec44b57\" class=\"elementor-field elementor-size-sm  elementor-acceptance-field\" required=\"required\" aria-required=\"true\">\n\t\t\t\t<label for=\"form-field-field_ec44b57\" class=\" translation-block\">Ich habe\u00a0<a href=\"\/de\/privacy-policy\/\" target=\"_blank\"><u>die Datenschutzerkl\u00e4rung<\/u><\/a>\u00a0gelesen und ich stimme\u00a0<a href=\"\/de\/terms-conditions\/\" target=\"_blank\"><u>den AGB<\/u><\/a>\u00a0zu<\/label>\t\t\t<\/span>\n\t\t<\/div>\n\t\t\t\t\t\t<\/div>\n\t\t\t\t\t\t\t\t<div class=\"elementor-field-group elementor-column elementor-field-type-submit elementor-col-100 e-form__buttons\">\n\t\t\t\t\t<button class=\"elementor-button elementor-size-sm\" type=\"submit\">\n\t\t\t\t\t\t<span class=\"elementor-button-content-wrapper\">\n\t\t\t\t\t\t\t\t\t\t\t\t\t\t\t\t\t\t\t\t\t\t<span class=\"elementor-button-text\">Senden<\/span>\n\t\t\t\t\t\t\t\t\t\t\t\t\t<\/span>\n\t\t\t\t\t<\/button>\n\t\t\t\t<\/div>\n\t\t\t<\/div>\n\t\t<input type=\"hidden\" name=\"trp-form-language\" value=\"de\"\/><\/form>\n\t\t\t\t<\/div>\n\t\t\t\t<\/div>\n\t\t\t\t\t<\/div>\n\t\t\t\t<\/div>\n\t\t\t\t<\/div>","protected":false},"excerpt":{"rendered":"<p>Get support Tell us how we can help and we&#8217;ll be there for you as quickly as possible.<\/p>","protected":false},"author":1,"featured_media":0,"parent":0,"menu_order":0,"comment_status":"closed","ping_status":"closed","template":"","meta":{"footnotes":""},"class_list":["post-40","page","type-page","status-publish","hentry"],"yoast_head":"<!-- This site is optimized with the Yoast SEO plugin v23.6 - https:\/\/yoast.com\/wordpress\/plugins\/seo\/ -->\n<title>Breathe ilo - Support<\/title>\n<meta name=\"robots\" content=\"index, follow, max-snippet:-1, max-image-preview:large, max-video-preview:-1\" \/>\n<link rel=\"canonical\" href=\"https:\/\/breath.sharobella.at\/de\/get-support\/\" \/>\n<meta property=\"og:locale\" content=\"de_DE\" \/>\n<meta property=\"og:type\" content=\"article\" \/>\n<meta property=\"og:title\" content=\"Breathe ilo - Support\" \/>\n<meta property=\"og:description\" content=\"Get support Tell us how we can help and we&#8217;ll be there for you as quickly as possible.\" \/>\n<meta property=\"og:url\" content=\"https:\/\/breath.sharobella.at\/de\/get-support\/\" \/>\n<meta property=\"og:site_name\" content=\"WordPress - Content Management\" \/>\n<meta property=\"article:modified_time\" content=\"2024-10-30T13:26:27+00:00\" \/>\n<meta name=\"twitter:card\" content=\"summary_large_image\" \/>\n<meta name=\"twitter:label1\" content=\"Gesch\u00e4tzte Lesezeit\" \/>\n\t<meta name=\"twitter:data1\" content=\"1 Minute\" \/>\n<script type=\"application\/ld+json\" class=\"yoast-schema-graph\">{\"@context\":\"https:\/\/schema.org\",\"@graph\":[{\"@type\":\"WebPage\",\"@id\":\"https:\/\/breath.sharobella.at\/get-support\/\",\"url\":\"https:\/\/breath.sharobella.at\/get-support\/\",\"name\":\"Breathe ilo - Support\",\"isPartOf\":{\"@id\":\"https:\/\/breath.sharobella.at\/#website\"},\"datePublished\":\"2024-10-05T07:17:19+00:00\",\"dateModified\":\"2024-10-30T13:26:27+00:00\",\"breadcrumb\":{\"@id\":\"https:\/\/breath.sharobella.at\/get-support\/#breadcrumb\"},\"inLanguage\":\"de-AT\",\"potentialAction\":[{\"@type\":\"ReadAction\",\"target\":[\"https:\/\/breath.sharobella.at\/get-support\/\"]}]},{\"@type\":\"BreadcrumbList\",\"@id\":\"https:\/\/breath.sharobella.at\/get-support\/#breadcrumb\",\"itemListElement\":[{\"@type\":\"ListItem\",\"position\":1,\"name\":\"Home\",\"item\":\"https:\/\/breath.sharobella.at\/\"},{\"@type\":\"ListItem\",\"position\":2,\"name\":\"Get support\"}]},{\"@type\":\"WebSite\",\"@id\":\"https:\/\/breath.sharobella.at\/#website\",\"url\":\"https:\/\/breath.sharobella.at\/\",\"name\":\"WordPress - Content Management\",\"description\":\"powered by easyname\",\"publisher\":{\"@id\":\"https:\/\/breath.sharobella.at\/#organization\"},\"potentialAction\":[{\"@type\":\"SearchAction\",\"target\":{\"@type\":\"EntryPoint\",\"urlTemplate\":\"https:\/\/breath.sharobella.at\/?s={search_term_string}\"},\"query-input\":{\"@type\":\"PropertyValueSpecification\",\"valueRequired\":true,\"valueName\":\"search_term_string\"}}],\"inLanguage\":\"de-AT\"},{\"@type\":\"Organization\",\"@id\":\"https:\/\/breath.sharobella.at\/#organization\",\"name\":\"WordPress - Content Management\",\"url\":\"https:\/\/breath.sharobella.at\/\",\"logo\":{\"@type\":\"ImageObject\",\"inLanguage\":\"de-AT\",\"@id\":\"https:\/\/breath.sharobella.at\/#\/schema\/logo\/image\/\",\"url\":\"https:\/\/breath.sharobella.at\/wp-content\/uploads\/2024\/10\/ilo_logo.svg\",\"contentUrl\":\"https:\/\/breath.sharobella.at\/wp-content\/uploads\/2024\/10\/ilo_logo.svg\",\"width\":10890,\"height\":1800,\"caption\":\"WordPress - Content Management\"},\"image\":{\"@id\":\"https:\/\/breath.sharobella.at\/#\/schema\/logo\/image\/\"}}]}<\/script>\n<!-- \/ Yoast SEO plugin. -->","yoast_head_json":{"title":"Breathe ilo - Support","robots":{"index":"index","follow":"follow","max-snippet":"max-snippet:-1","max-image-preview":"max-image-preview:large","max-video-preview":"max-video-preview:-1"},"canonical":"https:\/\/breath.sharobella.at\/de\/get-support\/","og_locale":"de_DE","og_type":"article","og_title":"Breathe ilo - Support","og_description":"Get support Tell us how we can help and we&#8217;ll be there for you as quickly as possible.","og_url":"https:\/\/breath.sharobella.at\/de\/get-support\/","og_site_name":"WordPress - Content Management","article_modified_time":"2024-10-30T13:26:27+00:00","twitter_card":"summary_large_image","twitter_misc":{"Gesch\u00e4tzte Lesezeit":"1 Minute"},"schema":{"@context":"https:\/\/schema.org","@graph":[{"@type":"WebPage","@id":"https:\/\/breath.sharobella.at\/get-support\/","url":"https:\/\/breath.sharobella.at\/get-support\/","name":"Breathe ilo - Support","isPartOf":{"@id":"https:\/\/breath.sharobella.at\/#website"},"datePublished":"2024-10-05T07:17:19+00:00","dateModified":"2024-10-30T13:26:27+00:00","breadcrumb":{"@id":"https:\/\/breath.sharobella.at\/get-support\/#breadcrumb"},"inLanguage":"de-AT","potentialAction":[{"@type":"ReadAction","target":["https:\/\/breath.sharobella.at\/get-support\/"]}]},{"@type":"BreadcrumbList","@id":"https:\/\/breath.sharobella.at\/get-support\/#breadcrumb","itemListElement":[{"@type":"ListItem","position":1,"name":"Home","item":"https:\/\/breath.sharobella.at\/"},{"@type":"ListItem","position":2,"name":"Get support"}]},{"@type":"WebSite","@id":"https:\/\/breath.sharobella.at\/#website","url":"https:\/\/breath.sharobella.at\/","name":"WordPress - Content Management","description":"powered by easyname","publisher":{"@id":"https:\/\/breath.sharobella.at\/#organization"},"potentialAction":[{"@type":"SearchAction","target":{"@type":"EntryPoint","urlTemplate":"https:\/\/breath.sharobella.at\/?s={search_term_string}"},"query-input":{"@type":"PropertyValueSpecification","valueRequired":true,"valueName":"search_term_string"}}],"inLanguage":"de-AT"},{"@type":"Organization","@id":"https:\/\/breath.sharobella.at\/#organization","name":"WordPress - Content Management","url":"https:\/\/breath.sharobella.at\/","logo":{"@type":"ImageObject","inLanguage":"de-AT","@id":"https:\/\/breath.sharobella.at\/#\/schema\/logo\/image\/","url":"https:\/\/breath.sharobella.at\/wp-content\/uploads\/2024\/10\/ilo_logo.svg","contentUrl":"https:\/\/breath.sharobella.at\/wp-content\/uploads\/2024\/10\/ilo_logo.svg","width":10890,"height":1800,"caption":"WordPress - Content Management"},"image":{"@id":"https:\/\/breath.sharobella.at\/#\/schema\/logo\/image\/"}}]}},"_links":{"self":[{"href":"https:\/\/breath.sharobella.at\/de\/wp-json\/wp\/v2\/pages\/40","targetHints":{"allow":["GET"]}}],"collection":[{"href":"https:\/\/breath.sharobella.at\/de\/wp-json\/wp\/v2\/pages"}],"about":[{"href":"https:\/\/breath.sharobella.at\/de\/wp-json\/wp\/v2\/types\/page"}],"author":[{"embeddable":true,"href":"https:\/\/breath.sharobella.at\/de\/wp-json\/wp\/v2\/users\/1"}],"replies":[{"embeddable":true,"href":"https:\/\/breath.sharobella.at\/de\/wp-json\/wp\/v2\/comments?post=40"}],"version-history":[{"count":437,"href":"https:\/\/breath.sharobella.at\/de\/wp-json\/wp\/v2\/pages\/40\/revisions"}],"predecessor-version":[{"id":1203,"href":"https:\/\/breath.sharobella.at\/de\/wp-json\/wp\/v2\/pages\/40\/revisions\/1203"}],"wp:attachment":[{"href":"https:\/\/breath.sharobella.at\/de\/wp-json\/wp\/v2\/media?parent=40"}],"curies":[{"name":"wp","href":"https:\/\/api.w.org\/{rel}","templated":true}]}}